{"id":229,"date":"2022-10-25T13:32:18","date_gmt":"2022-10-25T13:32:18","guid":{"rendered":"https:\/\/www.hotelcourriersud.fr\/decouvrir-toulouse\/toulouse-en-peniche\/"},"modified":"2022-11-08T14:29:43","modified_gmt":"2022-11-08T14:29:43","slug":"toulouse-en-peniche","status":"publish","type":"page","link":"https:\/\/www.hotelcourriersud.fr\/es\/descubrir-toulouse\/toulouse-en-peniche\/","title":{"rendered":"Toulouse en p\u00e9niche"},"content":{"rendered":"<p>Con los Bateaux Toulousains, navegue por el Garona o el Canal du Midi durante todas las estaciones. Descubra Toulouse de forma original \u00a1Vistas incre\u00edbles garantizadas!<br \/>\nLos Bateaux Toulousains le ofrecen originales cruceros por el agua.<br \/>\nDe marzo a junio, podr\u00e1 navegar por el Canal du Midi. Construido bajo el reinado de Luis XIV, es uno de los canales m\u00e1s antiguos de Europa que sigue en uso. Descubrir\u00e1 la historia de este asombroso y majestuoso canal, as\u00ed como la de su dise\u00f1ador Pierre Paul Riquet. Existen dos cruceros por el Canal du Midi: el crucero \u00ab3 esclusas\u00bb (duraci\u00f3n 1h15) con el paso de las 3 esclusas en el centro de la ciudad o el crucero \u00abRiquet\u00bb (duraci\u00f3n 1h30) que le llevar\u00e1 fuera del centro de la ciudad hacia Ramonville, con un aspecto m\u00e1s buc\u00f3lico y verde.<\/p>\n<p>Para m\u00e1s informaci\u00f3n: <a href=\"http:\/\/www.bateaux-toulousains.com\" target=\"_blank\" rel=\"noopener\">www.bateaux-toulousains.com<\/a><\/p>\n","protected":false},"excerpt":{"rendered":"<p>Con los Bateaux Toulousains, navegue por el Garona o el Canal du Midi durante todas las estaciones. Descubra Toulouse de forma original \u00a1Vistas incre\u00edbles garantizadas! Los Bateaux Toulousains le ofrecen originales cruceros por el agua. De marzo a junio, podr\u00e1 navegar por el Canal du Midi. Construido bajo el reinado de Luis XIV, es uno [&hellip;]<\/p>\n","protected":false},"author":46,"featured_media":0,"parent":225,"menu_order":640,"comment_status":"closed","ping_status":"closed","template":"template-default-2.php","meta":{"footnotes":""},"class_list":["post-229","page","type-page","status-publish","hentry"],"yoast_head":"<!-- This site is optimized with the Yoast SEO plugin v26.9 - https:\/\/yoast.com\/product\/yoast-seo-wordpress\/ -->\n<title>Toulouse en p\u00e9niche - Hotel Courrier Sud<\/title>\n<meta name=\"description\" content=\"Con los Bateaux Toulousains, navegue por el Garona o el Canal du Midi durante todas las estaciones. Descubra Toulouse de forma original \u00a1Vistas incre\u00edbles\" \/>\n<meta name=\"robots\" content=\"index, follow, max-snippet:-1, max-image-preview:large, max-video-preview:-1\" \/>\n<link rel=\"canonical\" href=\"https:\/\/www.hotelcourriersud.fr\/es\/descubrir-toulouse\/toulouse-en-peniche\/\" \/>\n<meta property=\"og:locale\" content=\"es_ES\" \/>\n<meta property=\"og:type\" content=\"article\" \/>\n<meta property=\"og:title\" content=\"Toulouse en p\u00e9niche - Hotel Courrier Sud\" \/>\n<meta property=\"og:description\" content=\"Con los Bateaux Toulousains, navegue por el Garona o el Canal du Midi durante todas las estaciones. Descubra Toulouse de forma original \u00a1Vistas incre\u00edbles\" \/>\n<meta property=\"og:url\" content=\"https:\/\/www.hotelcourriersud.fr\/es\/descubrir-toulouse\/toulouse-en-peniche\/\" \/>\n<meta property=\"og:site_name\" content=\"Hotel Courrier Sud\" \/>\n<meta property=\"article:modified_time\" content=\"2022-11-08T14:29:43+00:00\" \/>\n<meta name=\"twitter:card\" content=\"summary_large_image\" \/>\n<meta name=\"twitter:label1\" content=\"Tiempo de lectura\" \/>\n\t<meta name=\"twitter:data1\" content=\"1 minuto\" \/>\n<script type=\"application\/ld+json\" class=\"yoast-schema-graph\">{\"@context\":\"https:\/\/schema.org\",\"@graph\":[{\"@type\":\"WebPage\",\"@id\":\"https:\/\/www.hotelcourriersud.fr\/es\/descubrir-toulouse\/toulouse-en-peniche\/\",\"url\":\"https:\/\/www.hotelcourriersud.fr\/es\/descubrir-toulouse\/toulouse-en-peniche\/\",\"name\":\"Toulouse en p\u00e9niche - Hotel Courrier Sud\",\"isPartOf\":{\"@id\":\"https:\/\/www.hotelcourriersud.fr\/es\/#website\"},\"datePublished\":\"2022-10-25T13:32:18+00:00\",\"dateModified\":\"2022-11-08T14:29:43+00:00\",\"description\":\"Con los Bateaux Toulousains, navegue por el Garona o el Canal du Midi durante todas las estaciones. Descubra Toulouse de forma original \u00a1Vistas incre\u00edbles\",\"breadcrumb\":{\"@id\":\"https:\/\/www.hotelcourriersud.fr\/es\/descubrir-toulouse\/toulouse-en-peniche\/#breadcrumb\"},\"inLanguage\":\"es\",\"potentialAction\":[{\"@type\":\"ReadAction\",\"target\":[\"https:\/\/www.hotelcourriersud.fr\/es\/descubrir-toulouse\/toulouse-en-peniche\/\"]}]},{\"@type\":\"BreadcrumbList\",\"@id\":\"https:\/\/www.hotelcourriersud.fr\/es\/descubrir-toulouse\/toulouse-en-peniche\/#breadcrumb\",\"itemListElement\":[{\"@type\":\"ListItem\",\"position\":1,\"name\":\"Home\",\"item\":\"https:\/\/www.hotelcourriersud.fr\/es\/\"},{\"@type\":\"ListItem\",\"position\":2,\"name\":\"Descubrir Toulouse\",\"item\":\"https:\/\/www.hotelcourriersud.fr\/es\/descubrir-toulouse\/\"},{\"@type\":\"ListItem\",\"position\":3,\"name\":\"Toulouse en p\u00e9niche\"}]},{\"@type\":\"WebSite\",\"@id\":\"https:\/\/www.hotelcourriersud.fr\/es\/#website\",\"url\":\"https:\/\/www.hotelcourriersud.fr\/es\/\",\"name\":\"Hotel Courrier Sud\",\"description\":\"\",\"potentialAction\":[{\"@type\":\"SearchAction\",\"target\":{\"@type\":\"EntryPoint\",\"urlTemplate\":\"https:\/\/www.hotelcourriersud.fr\/es\/?s={search_term_string}\"},\"query-input\":{\"@type\":\"PropertyValueSpecification\",\"valueRequired\":true,\"valueName\":\"search_term_string\"}}],\"inLanguage\":\"es\"}]}<\/script>\n<!-- \/ Yoast SEO plugin. -->","yoast_head_json":{"title":"Toulouse en p\u00e9niche - Hotel Courrier Sud","description":"Con los Bateaux Toulousains, navegue por el Garona o el Canal du Midi durante todas las estaciones. Descubra Toulouse de forma original \u00a1Vistas incre\u00edbles","robots":{"index":"index","follow":"follow","max-snippet":"max-snippet:-1","max-image-preview":"max-image-preview:large","max-video-preview":"max-video-preview:-1"},"canonical":"https:\/\/www.hotelcourriersud.fr\/es\/descubrir-toulouse\/toulouse-en-peniche\/","og_locale":"es_ES","og_type":"article","og_title":"Toulouse en p\u00e9niche - Hotel Courrier Sud","og_description":"Con los Bateaux Toulousains, navegue por el Garona o el Canal du Midi durante todas las estaciones. Descubra Toulouse de forma original \u00a1Vistas incre\u00edbles","og_url":"https:\/\/www.hotelcourriersud.fr\/es\/descubrir-toulouse\/toulouse-en-peniche\/","og_site_name":"Hotel Courrier Sud","article_modified_time":"2022-11-08T14:29:43+00:00","twitter_card":"summary_large_image","twitter_misc":{"Tiempo de lectura":"1 minuto"},"schema":{"@context":"https:\/\/schema.org","@graph":[{"@type":"WebPage","@id":"https:\/\/www.hotelcourriersud.fr\/es\/descubrir-toulouse\/toulouse-en-peniche\/","url":"https:\/\/www.hotelcourriersud.fr\/es\/descubrir-toulouse\/toulouse-en-peniche\/","name":"Toulouse en p\u00e9niche - Hotel Courrier Sud","isPartOf":{"@id":"https:\/\/www.hotelcourriersud.fr\/es\/#website"},"datePublished":"2022-10-25T13:32:18+00:00","dateModified":"2022-11-08T14:29:43+00:00","description":"Con los Bateaux Toulousains, navegue por el Garona o el Canal du Midi durante todas las estaciones. Descubra Toulouse de forma original \u00a1Vistas incre\u00edbles","breadcrumb":{"@id":"https:\/\/www.hotelcourriersud.fr\/es\/descubrir-toulouse\/toulouse-en-peniche\/#breadcrumb"},"inLanguage":"es","potentialAction":[{"@type":"ReadAction","target":["https:\/\/www.hotelcourriersud.fr\/es\/descubrir-toulouse\/toulouse-en-peniche\/"]}]},{"@type":"BreadcrumbList","@id":"https:\/\/www.hotelcourriersud.fr\/es\/descubrir-toulouse\/toulouse-en-peniche\/#breadcrumb","itemListElement":[{"@type":"ListItem","position":1,"name":"Home","item":"https:\/\/www.hotelcourriersud.fr\/es\/"},{"@type":"ListItem","position":2,"name":"Descubrir Toulouse","item":"https:\/\/www.hotelcourriersud.fr\/es\/descubrir-toulouse\/"},{"@type":"ListItem","position":3,"name":"Toulouse en p\u00e9niche"}]},{"@type":"WebSite","@id":"https:\/\/www.hotelcourriersud.fr\/es\/#website","url":"https:\/\/www.hotelcourriersud.fr\/es\/","name":"Hotel Courrier Sud","description":"","potentialAction":[{"@type":"SearchAction","target":{"@type":"EntryPoint","urlTemplate":"https:\/\/www.hotelcourriersud.fr\/es\/?s={search_term_string}"},"query-input":{"@type":"PropertyValueSpecification","valueRequired":true,"valueName":"search_term_string"}}],"inLanguage":"es"}]}},"acf":[],"_links":{"self":[{"href":"https:\/\/www.hotelcourriersud.fr\/es\/wp-json\/wp\/v2\/pages\/229","targetHints":{"allow":["GET"]}}],"collection":[{"href":"https:\/\/www.hotelcourriersud.fr\/es\/wp-json\/wp\/v2\/pages"}],"about":[{"href":"https:\/\/www.hotelcourriersud.fr\/es\/wp-json\/wp\/v2\/types\/page"}],"author":[{"embeddable":true,"href":"https:\/\/www.hotelcourriersud.fr\/es\/wp-json\/wp\/v2\/users\/46"}],"replies":[{"embeddable":true,"href":"https:\/\/www.hotelcourriersud.fr\/es\/wp-json\/wp\/v2\/comments?post=229"}],"version-history":[{"count":0,"href":"https:\/\/www.hotelcourriersud.fr\/es\/wp-json\/wp\/v2\/pages\/229\/revisions"}],"up":[{"embeddable":true,"href":"https:\/\/www.hotelcourriersud.fr\/es\/wp-json\/wp\/v2\/pages\/225"}],"wp:attachment":[{"href":"https:\/\/www.hotelcourriersud.fr\/es\/wp-json\/wp\/v2\/media?parent=229"}],"curies":[{"name":"wp","href":"https:\/\/api.w.org\/{rel}","templated":true}]}}