{"id":228,"date":"2022-10-25T13:30:21","date_gmt":"2022-10-25T13:30:21","guid":{"rendered":"https:\/\/www.hotelcourriersud.fr\/decouvrir-toulouse\/halle-de-la-machine\/"},"modified":"2022-11-08T14:29:33","modified_gmt":"2022-11-08T14:29:33","slug":"halle-de-la-machine","status":"publish","type":"page","link":"https:\/\/www.hotelcourriersud.fr\/es\/descubrir-toulouse\/halle-de-la-machine\/","title":{"rendered":"Halle de la machine"},"content":{"rendered":"<p style=\"text-align: left;\">El Halle de La Machine abri\u00f3 sus puertas al p\u00fablico en noviembre de 2018 en el barrio de Montaudran de Toulouse. Da vida a la cuadra de m\u00e1quinas de rendimiento de calle, dise\u00f1adas y fabricadas por los equipos de la Compagnie La Machine. Peque\u00f1as o gigantes m\u00e1quinas animadas, a menudo inspiradas en la naturaleza, el mundo de la aeron\u00e1utica, las epopeyas humanas o tecnol\u00f3gicas.<br \/>\nUna experiencia \u00fanica para grandes y peque\u00f1os.<\/p>\n<p style=\"text-align: left;\">Para m\u00e1s informaci\u00f3n : <a href=\"http:\/\/www.halledelamachine.fr\" target=\"_blank\" rel=\"noopener\">www.halledelamachine.fr<\/a><\/p>\n","protected":false},"excerpt":{"rendered":"<p>El Halle de La Machine abri\u00f3 sus puertas al p\u00fablico en noviembre de 2018 en el barrio de Montaudran de Toulouse. Da vida a la cuadra de m\u00e1quinas de rendimiento de calle, dise\u00f1adas y fabricadas por los equipos de la Compagnie La Machine. Peque\u00f1as o gigantes m\u00e1quinas animadas, a menudo inspiradas en la naturaleza, el [&hellip;]<\/p>\n","protected":false},"author":46,"featured_media":0,"parent":225,"menu_order":630,"comment_status":"closed","ping_status":"closed","template":"template-default-2.php","meta":{"footnotes":""},"class_list":["post-228","page","type-page","status-publish","hentry"],"yoast_head":"<!-- This site is optimized with the Yoast SEO plugin v26.9 - https:\/\/yoast.com\/product\/yoast-seo-wordpress\/ -->\n<title>Halle de la machine - Hotel Courrier Sud<\/title>\n<meta name=\"description\" content=\"El Halle de La Machine abri\u00f3 sus puertas al p\u00fablico en noviembre de 2018 en el barrio de Montaudran de Toulouse. Da vida a la cuadra de m\u00e1quinas de\" \/>\n<meta name=\"robots\" content=\"index, follow, max-snippet:-1, max-image-preview:large, max-video-preview:-1\" \/>\n<link rel=\"canonical\" href=\"https:\/\/www.hotelcourriersud.fr\/es\/descubrir-toulouse\/halle-de-la-machine\/\" \/>\n<meta property=\"og:locale\" content=\"es_ES\" \/>\n<meta property=\"og:type\" content=\"article\" \/>\n<meta property=\"og:title\" content=\"Halle de la machine - Hotel Courrier Sud\" \/>\n<meta property=\"og:description\" content=\"El Halle de La Machine abri\u00f3 sus puertas al p\u00fablico en noviembre de 2018 en el barrio de Montaudran de Toulouse. Da vida a la cuadra de m\u00e1quinas de\" \/>\n<meta property=\"og:url\" content=\"https:\/\/www.hotelcourriersud.fr\/es\/descubrir-toulouse\/halle-de-la-machine\/\" \/>\n<meta property=\"og:site_name\" content=\"Hotel Courrier Sud\" \/>\n<meta property=\"article:modified_time\" content=\"2022-11-08T14:29:33+00:00\" \/>\n<meta name=\"twitter:card\" content=\"summary_large_image\" \/>\n<meta name=\"twitter:label1\" content=\"Tiempo de lectura\" \/>\n\t<meta name=\"twitter:data1\" content=\"1 minuto\" \/>\n<script type=\"application\/ld+json\" class=\"yoast-schema-graph\">{\"@context\":\"https:\/\/schema.org\",\"@graph\":[{\"@type\":\"WebPage\",\"@id\":\"https:\/\/www.hotelcourriersud.fr\/es\/descubrir-toulouse\/halle-de-la-machine\/\",\"url\":\"https:\/\/www.hotelcourriersud.fr\/es\/descubrir-toulouse\/halle-de-la-machine\/\",\"name\":\"Halle de la machine - Hotel Courrier Sud\",\"isPartOf\":{\"@id\":\"https:\/\/www.hotelcourriersud.fr\/es\/#website\"},\"datePublished\":\"2022-10-25T13:30:21+00:00\",\"dateModified\":\"2022-11-08T14:29:33+00:00\",\"description\":\"El Halle de La Machine abri\u00f3 sus puertas al p\u00fablico en noviembre de 2018 en el barrio de Montaudran de Toulouse. Da vida a la cuadra de m\u00e1quinas de\",\"breadcrumb\":{\"@id\":\"https:\/\/www.hotelcourriersud.fr\/es\/descubrir-toulouse\/halle-de-la-machine\/#breadcrumb\"},\"inLanguage\":\"es\",\"potentialAction\":[{\"@type\":\"ReadAction\",\"target\":[\"https:\/\/www.hotelcourriersud.fr\/es\/descubrir-toulouse\/halle-de-la-machine\/\"]}]},{\"@type\":\"BreadcrumbList\",\"@id\":\"https:\/\/www.hotelcourriersud.fr\/es\/descubrir-toulouse\/halle-de-la-machine\/#breadcrumb\",\"itemListElement\":[{\"@type\":\"ListItem\",\"position\":1,\"name\":\"Home\",\"item\":\"https:\/\/www.hotelcourriersud.fr\/es\/\"},{\"@type\":\"ListItem\",\"position\":2,\"name\":\"Descubrir Toulouse\",\"item\":\"https:\/\/www.hotelcourriersud.fr\/es\/descubrir-toulouse\/\"},{\"@type\":\"ListItem\",\"position\":3,\"name\":\"Halle de la machine\"}]},{\"@type\":\"WebSite\",\"@id\":\"https:\/\/www.hotelcourriersud.fr\/es\/#website\",\"url\":\"https:\/\/www.hotelcourriersud.fr\/es\/\",\"name\":\"Hotel Courrier Sud\",\"description\":\"\",\"potentialAction\":[{\"@type\":\"SearchAction\",\"target\":{\"@type\":\"EntryPoint\",\"urlTemplate\":\"https:\/\/www.hotelcourriersud.fr\/es\/?s={search_term_string}\"},\"query-input\":{\"@type\":\"PropertyValueSpecification\",\"valueRequired\":true,\"valueName\":\"search_term_string\"}}],\"inLanguage\":\"es\"}]}<\/script>\n<!-- \/ Yoast SEO plugin. -->","yoast_head_json":{"title":"Halle de la machine - Hotel Courrier Sud","description":"El Halle de La Machine abri\u00f3 sus puertas al p\u00fablico en noviembre de 2018 en el barrio de Montaudran de Toulouse. Da vida a la cuadra de m\u00e1quinas de","robots":{"index":"index","follow":"follow","max-snippet":"max-snippet:-1","max-image-preview":"max-image-preview:large","max-video-preview":"max-video-preview:-1"},"canonical":"https:\/\/www.hotelcourriersud.fr\/es\/descubrir-toulouse\/halle-de-la-machine\/","og_locale":"es_ES","og_type":"article","og_title":"Halle de la machine - Hotel Courrier Sud","og_description":"El Halle de La Machine abri\u00f3 sus puertas al p\u00fablico en noviembre de 2018 en el barrio de Montaudran de Toulouse. Da vida a la cuadra de m\u00e1quinas de","og_url":"https:\/\/www.hotelcourriersud.fr\/es\/descubrir-toulouse\/halle-de-la-machine\/","og_site_name":"Hotel Courrier Sud","article_modified_time":"2022-11-08T14:29:33+00:00","twitter_card":"summary_large_image","twitter_misc":{"Tiempo de lectura":"1 minuto"},"schema":{"@context":"https:\/\/schema.org","@graph":[{"@type":"WebPage","@id":"https:\/\/www.hotelcourriersud.fr\/es\/descubrir-toulouse\/halle-de-la-machine\/","url":"https:\/\/www.hotelcourriersud.fr\/es\/descubrir-toulouse\/halle-de-la-machine\/","name":"Halle de la machine - Hotel Courrier Sud","isPartOf":{"@id":"https:\/\/www.hotelcourriersud.fr\/es\/#website"},"datePublished":"2022-10-25T13:30:21+00:00","dateModified":"2022-11-08T14:29:33+00:00","description":"El Halle de La Machine abri\u00f3 sus puertas al p\u00fablico en noviembre de 2018 en el barrio de Montaudran de Toulouse. Da vida a la cuadra de m\u00e1quinas de","breadcrumb":{"@id":"https:\/\/www.hotelcourriersud.fr\/es\/descubrir-toulouse\/halle-de-la-machine\/#breadcrumb"},"inLanguage":"es","potentialAction":[{"@type":"ReadAction","target":["https:\/\/www.hotelcourriersud.fr\/es\/descubrir-toulouse\/halle-de-la-machine\/"]}]},{"@type":"BreadcrumbList","@id":"https:\/\/www.hotelcourriersud.fr\/es\/descubrir-toulouse\/halle-de-la-machine\/#breadcrumb","itemListElement":[{"@type":"ListItem","position":1,"name":"Home","item":"https:\/\/www.hotelcourriersud.fr\/es\/"},{"@type":"ListItem","position":2,"name":"Descubrir Toulouse","item":"https:\/\/www.hotelcourriersud.fr\/es\/descubrir-toulouse\/"},{"@type":"ListItem","position":3,"name":"Halle de la machine"}]},{"@type":"WebSite","@id":"https:\/\/www.hotelcourriersud.fr\/es\/#website","url":"https:\/\/www.hotelcourriersud.fr\/es\/","name":"Hotel Courrier Sud","description":"","potentialAction":[{"@type":"SearchAction","target":{"@type":"EntryPoint","urlTemplate":"https:\/\/www.hotelcourriersud.fr\/es\/?s={search_term_string}"},"query-input":{"@type":"PropertyValueSpecification","valueRequired":true,"valueName":"search_term_string"}}],"inLanguage":"es"}]}},"acf":[],"_links":{"self":[{"href":"https:\/\/www.hotelcourriersud.fr\/es\/wp-json\/wp\/v2\/pages\/228","targetHints":{"allow":["GET"]}}],"collection":[{"href":"https:\/\/www.hotelcourriersud.fr\/es\/wp-json\/wp\/v2\/pages"}],"about":[{"href":"https:\/\/www.hotelcourriersud.fr\/es\/wp-json\/wp\/v2\/types\/page"}],"author":[{"embeddable":true,"href":"https:\/\/www.hotelcourriersud.fr\/es\/wp-json\/wp\/v2\/users\/46"}],"replies":[{"embeddable":true,"href":"https:\/\/www.hotelcourriersud.fr\/es\/wp-json\/wp\/v2\/comments?post=228"}],"version-history":[{"count":0,"href":"https:\/\/www.hotelcourriersud.fr\/es\/wp-json\/wp\/v2\/pages\/228\/revisions"}],"up":[{"embeddable":true,"href":"https:\/\/www.hotelcourriersud.fr\/es\/wp-json\/wp\/v2\/pages\/225"}],"wp:attachment":[{"href":"https:\/\/www.hotelcourriersud.fr\/es\/wp-json\/wp\/v2\/media?parent=228"}],"curies":[{"name":"wp","href":"https:\/\/api.w.org\/{rel}","templated":true}]}}