{"id":227,"date":"2022-10-18T09:26:04","date_gmt":"2022-10-18T09:26:04","guid":{"rendered":"https:\/\/www.hotelcourriersud.fr\/decouvrir-toulouse\/aeroscopia\/"},"modified":"2022-11-08T14:43:39","modified_gmt":"2022-11-08T14:43:39","slug":"aeroscopia","status":"publish","type":"page","link":"https:\/\/www.hotelcourriersud.fr\/es\/descubrir-toulouse\/aeroscopia\/","title":{"rendered":"Aeroscopia"},"content":{"rendered":"<p style=\"text-align: left;\">El museo A\u00e9roscopia acoge a los visitantes para que descubran la historia de la Aeropostal y la Aeron\u00e1utica a trav\u00e9s del tiempo. Es posible visitar el famoso avi\u00f3n Concorde, as\u00ed como el A380.<br \/>\nTambi\u00e9n junto al museo se encuentra el recinto de AIRBUS, donde se ofrecen varias visitas<br \/>\nAirbus (1h30): una oportunidad \u00fanica para descubrir la \u00faltima generaci\u00f3n de aviones Airbus, con una presentaci\u00f3n de la historia de la aviaci\u00f3n en Toulouse.<br \/>\nAirbus XL (2h00): una extensi\u00f3n mejorada de la cl\u00e1sica visita \u00abAirbus\u00bb, la aviaci\u00f3n militar y comercial revela todos sus secretos.<br \/>\nPara los entusiastas, existe una combinaci\u00f3n de ambos (museo y Airbus).<\/p>\n<p style=\"text-align: left;\">Para m\u00e1s informaci\u00f3n : <a href=\"http:\/\/www.aeroscopia.fr\" target=\"_blank\" rel=\"noopener\">www.aeroscopia.fr<\/a> o <a href=\"http:\/\/www.manatour.fr\" target=\"_blank\" rel=\"noopener\">www.manatour.fr<\/a><\/p>\n","protected":false},"excerpt":{"rendered":"<p>El museo A\u00e9roscopia acoge a los visitantes para que descubran la historia de la Aeropostal y la Aeron\u00e1utica a trav\u00e9s del tiempo. Es posible visitar el famoso avi\u00f3n Concorde, as\u00ed como el A380. Tambi\u00e9n junto al museo se encuentra el recinto de AIRBUS, donde se ofrecen varias visitas Airbus (1h30): una oportunidad \u00fanica para descubrir [&hellip;]<\/p>\n","protected":false},"author":46,"featured_media":0,"parent":225,"menu_order":620,"comment_status":"closed","ping_status":"closed","template":"template-default-2.php","meta":{"footnotes":""},"class_list":["post-227","page","type-page","status-publish","hentry"],"yoast_head":"<!-- This site is optimized with the Yoast SEO plugin v26.9 - https:\/\/yoast.com\/product\/yoast-seo-wordpress\/ -->\n<title>Aeroscopia - Hotel Courrier Sud<\/title>\n<meta name=\"description\" content=\"El museo A\u00e9roscopia acoge a los visitantes para que descubran la historia de la Aeropostal y la Aeron\u00e1utica a trav\u00e9s del tiempo. Es posible visitar el\" \/>\n<meta name=\"robots\" content=\"index, follow, max-snippet:-1, max-image-preview:large, max-video-preview:-1\" \/>\n<link rel=\"canonical\" href=\"https:\/\/www.hotelcourriersud.fr\/es\/descubrir-toulouse\/aeroscopia\/\" \/>\n<meta property=\"og:locale\" content=\"es_ES\" \/>\n<meta property=\"og:type\" content=\"article\" \/>\n<meta property=\"og:title\" content=\"Aeroscopia - Hotel Courrier Sud\" \/>\n<meta property=\"og:description\" content=\"El museo A\u00e9roscopia acoge a los visitantes para que descubran la historia de la Aeropostal y la Aeron\u00e1utica a trav\u00e9s del tiempo. Es posible visitar el\" \/>\n<meta property=\"og:url\" content=\"https:\/\/www.hotelcourriersud.fr\/es\/descubrir-toulouse\/aeroscopia\/\" \/>\n<meta property=\"og:site_name\" content=\"Hotel Courrier Sud\" \/>\n<meta property=\"article:modified_time\" content=\"2022-11-08T14:43:39+00:00\" \/>\n<meta name=\"twitter:card\" content=\"summary_large_image\" \/>\n<meta name=\"twitter:label1\" content=\"Tiempo de lectura\" \/>\n\t<meta name=\"twitter:data1\" content=\"1 minuto\" \/>\n<script type=\"application\/ld+json\" class=\"yoast-schema-graph\">{\"@context\":\"https:\/\/schema.org\",\"@graph\":[{\"@type\":\"WebPage\",\"@id\":\"https:\/\/www.hotelcourriersud.fr\/es\/descubrir-toulouse\/aeroscopia\/\",\"url\":\"https:\/\/www.hotelcourriersud.fr\/es\/descubrir-toulouse\/aeroscopia\/\",\"name\":\"Aeroscopia - Hotel Courrier Sud\",\"isPartOf\":{\"@id\":\"https:\/\/www.hotelcourriersud.fr\/es\/#website\"},\"datePublished\":\"2022-10-18T09:26:04+00:00\",\"dateModified\":\"2022-11-08T14:43:39+00:00\",\"description\":\"El museo A\u00e9roscopia acoge a los visitantes para que descubran la historia de la Aeropostal y la Aeron\u00e1utica a trav\u00e9s del tiempo. Es posible visitar el\",\"breadcrumb\":{\"@id\":\"https:\/\/www.hotelcourriersud.fr\/es\/descubrir-toulouse\/aeroscopia\/#breadcrumb\"},\"inLanguage\":\"es\",\"potentialAction\":[{\"@type\":\"ReadAction\",\"target\":[\"https:\/\/www.hotelcourriersud.fr\/es\/descubrir-toulouse\/aeroscopia\/\"]}]},{\"@type\":\"BreadcrumbList\",\"@id\":\"https:\/\/www.hotelcourriersud.fr\/es\/descubrir-toulouse\/aeroscopia\/#breadcrumb\",\"itemListElement\":[{\"@type\":\"ListItem\",\"position\":1,\"name\":\"Home\",\"item\":\"https:\/\/www.hotelcourriersud.fr\/es\/\"},{\"@type\":\"ListItem\",\"position\":2,\"name\":\"Descubrir Toulouse\",\"item\":\"https:\/\/www.hotelcourriersud.fr\/es\/descubrir-toulouse\/\"},{\"@type\":\"ListItem\",\"position\":3,\"name\":\"Aeroscopia\"}]},{\"@type\":\"WebSite\",\"@id\":\"https:\/\/www.hotelcourriersud.fr\/es\/#website\",\"url\":\"https:\/\/www.hotelcourriersud.fr\/es\/\",\"name\":\"Hotel Courrier Sud\",\"description\":\"\",\"potentialAction\":[{\"@type\":\"SearchAction\",\"target\":{\"@type\":\"EntryPoint\",\"urlTemplate\":\"https:\/\/www.hotelcourriersud.fr\/es\/?s={search_term_string}\"},\"query-input\":{\"@type\":\"PropertyValueSpecification\",\"valueRequired\":true,\"valueName\":\"search_term_string\"}}],\"inLanguage\":\"es\"}]}<\/script>\n<!-- \/ Yoast SEO plugin. -->","yoast_head_json":{"title":"Aeroscopia - Hotel Courrier Sud","description":"El museo A\u00e9roscopia acoge a los visitantes para que descubran la historia de la Aeropostal y la Aeron\u00e1utica a trav\u00e9s del tiempo. Es posible visitar el","robots":{"index":"index","follow":"follow","max-snippet":"max-snippet:-1","max-image-preview":"max-image-preview:large","max-video-preview":"max-video-preview:-1"},"canonical":"https:\/\/www.hotelcourriersud.fr\/es\/descubrir-toulouse\/aeroscopia\/","og_locale":"es_ES","og_type":"article","og_title":"Aeroscopia - Hotel Courrier Sud","og_description":"El museo A\u00e9roscopia acoge a los visitantes para que descubran la historia de la Aeropostal y la Aeron\u00e1utica a trav\u00e9s del tiempo. Es posible visitar el","og_url":"https:\/\/www.hotelcourriersud.fr\/es\/descubrir-toulouse\/aeroscopia\/","og_site_name":"Hotel Courrier Sud","article_modified_time":"2022-11-08T14:43:39+00:00","twitter_card":"summary_large_image","twitter_misc":{"Tiempo de lectura":"1 minuto"},"schema":{"@context":"https:\/\/schema.org","@graph":[{"@type":"WebPage","@id":"https:\/\/www.hotelcourriersud.fr\/es\/descubrir-toulouse\/aeroscopia\/","url":"https:\/\/www.hotelcourriersud.fr\/es\/descubrir-toulouse\/aeroscopia\/","name":"Aeroscopia - Hotel Courrier Sud","isPartOf":{"@id":"https:\/\/www.hotelcourriersud.fr\/es\/#website"},"datePublished":"2022-10-18T09:26:04+00:00","dateModified":"2022-11-08T14:43:39+00:00","description":"El museo A\u00e9roscopia acoge a los visitantes para que descubran la historia de la Aeropostal y la Aeron\u00e1utica a trav\u00e9s del tiempo. Es posible visitar el","breadcrumb":{"@id":"https:\/\/www.hotelcourriersud.fr\/es\/descubrir-toulouse\/aeroscopia\/#breadcrumb"},"inLanguage":"es","potentialAction":[{"@type":"ReadAction","target":["https:\/\/www.hotelcourriersud.fr\/es\/descubrir-toulouse\/aeroscopia\/"]}]},{"@type":"BreadcrumbList","@id":"https:\/\/www.hotelcourriersud.fr\/es\/descubrir-toulouse\/aeroscopia\/#breadcrumb","itemListElement":[{"@type":"ListItem","position":1,"name":"Home","item":"https:\/\/www.hotelcourriersud.fr\/es\/"},{"@type":"ListItem","position":2,"name":"Descubrir Toulouse","item":"https:\/\/www.hotelcourriersud.fr\/es\/descubrir-toulouse\/"},{"@type":"ListItem","position":3,"name":"Aeroscopia"}]},{"@type":"WebSite","@id":"https:\/\/www.hotelcourriersud.fr\/es\/#website","url":"https:\/\/www.hotelcourriersud.fr\/es\/","name":"Hotel Courrier Sud","description":"","potentialAction":[{"@type":"SearchAction","target":{"@type":"EntryPoint","urlTemplate":"https:\/\/www.hotelcourriersud.fr\/es\/?s={search_term_string}"},"query-input":{"@type":"PropertyValueSpecification","valueRequired":true,"valueName":"search_term_string"}}],"inLanguage":"es"}]}},"acf":[],"_links":{"self":[{"href":"https:\/\/www.hotelcourriersud.fr\/es\/wp-json\/wp\/v2\/pages\/227","targetHints":{"allow":["GET"]}}],"collection":[{"href":"https:\/\/www.hotelcourriersud.fr\/es\/wp-json\/wp\/v2\/pages"}],"about":[{"href":"https:\/\/www.hotelcourriersud.fr\/es\/wp-json\/wp\/v2\/types\/page"}],"author":[{"embeddable":true,"href":"https:\/\/www.hotelcourriersud.fr\/es\/wp-json\/wp\/v2\/users\/46"}],"replies":[{"embeddable":true,"href":"https:\/\/www.hotelcourriersud.fr\/es\/wp-json\/wp\/v2\/comments?post=227"}],"version-history":[{"count":0,"href":"https:\/\/www.hotelcourriersud.fr\/es\/wp-json\/wp\/v2\/pages\/227\/revisions"}],"up":[{"embeddable":true,"href":"https:\/\/www.hotelcourriersud.fr\/es\/wp-json\/wp\/v2\/pages\/225"}],"wp:attachment":[{"href":"https:\/\/www.hotelcourriersud.fr\/es\/wp-json\/wp\/v2\/media?parent=227"}],"curies":[{"name":"wp","href":"https:\/\/api.w.org\/{rel}","templated":true}]}}