{"id":226,"date":"2022-10-18T09:24:30","date_gmt":"2022-10-18T09:24:30","guid":{"rendered":"https:\/\/www.hotelcourriersud.fr\/decouvrir-toulouse\/cite-de-lespace\/"},"modified":"2022-11-08T13:19:03","modified_gmt":"2022-11-08T13:19:03","slug":"cite-de-lespace","status":"publish","type":"page","link":"https:\/\/www.hotelcourriersud.fr\/es\/descubrir-toulouse\/cite-de-lespace\/","title":{"rendered":"Cit\u00e9 de l&#8217;espace"},"content":{"rendered":"<p style=\"text-align: left;\">La Cit\u00e9 de l&#8217;espace es un centro de cultura cient\u00edfica orientado al espacio y a su conquista, dedicado tanto a la astronom\u00eda como a la astron\u00e1utica. Tambi\u00e9n cuenta con numerosas exposiciones, a menudo interactivas: por ejemplo, la sala de control permite preparar el lanzamiento de un cohete, ver su despegue, su vuelo y luego la puesta en \u00f3rbita de un sat\u00e9lite. Una verdadera inmersi\u00f3n en el espacio.<\/p>\n<p style=\"text-align: left;\">Para m\u00e1s informaci\u00f3n : <a href=\"http:\/\/www.cite-espace.com\" target=\"_blank\" rel=\"noopener\">www.cite-espace.com<\/a>.<\/p>\n","protected":false},"excerpt":{"rendered":"<p>La Cit\u00e9 de l&#8217;espace es un centro de cultura cient\u00edfica orientado al espacio y a su conquista, dedicado tanto a la astronom\u00eda como a la astron\u00e1utica. Tambi\u00e9n cuenta con numerosas exposiciones, a menudo interactivas: por ejemplo, la sala de control permite preparar el lanzamiento de un cohete, ver su despegue, su vuelo y luego la [&hellip;]<\/p>\n","protected":false},"author":46,"featured_media":0,"parent":225,"menu_order":610,"comment_status":"closed","ping_status":"closed","template":"template-default-2.php","meta":{"footnotes":""},"class_list":["post-226","page","type-page","status-publish","hentry"],"yoast_head":"<!-- This site is optimized with the Yoast SEO plugin v26.9 - https:\/\/yoast.com\/product\/yoast-seo-wordpress\/ -->\n<title>Cit\u00e9 de l&#039;espace - Hotel Courrier Sud<\/title>\n<meta name=\"description\" content=\"La Cit\u00e9 de l&#039;espace es un centro de cultura cient\u00edfica orientado al espacio y a su conquista, dedicado tanto a la astronom\u00eda como a la astron\u00e1utica.\" \/>\n<meta name=\"robots\" content=\"index, follow, max-snippet:-1, max-image-preview:large, max-video-preview:-1\" \/>\n<link rel=\"canonical\" href=\"https:\/\/www.hotelcourriersud.fr\/es\/descubrir-toulouse\/cite-de-lespace\/\" \/>\n<meta property=\"og:locale\" content=\"es_ES\" \/>\n<meta property=\"og:type\" content=\"article\" \/>\n<meta property=\"og:title\" content=\"Cit\u00e9 de l&#039;espace - Hotel Courrier Sud\" \/>\n<meta property=\"og:description\" content=\"La Cit\u00e9 de l&#039;espace es un centro de cultura cient\u00edfica orientado al espacio y a su conquista, dedicado tanto a la astronom\u00eda como a la astron\u00e1utica.\" \/>\n<meta property=\"og:url\" content=\"https:\/\/www.hotelcourriersud.fr\/es\/descubrir-toulouse\/cite-de-lespace\/\" \/>\n<meta property=\"og:site_name\" content=\"Hotel Courrier Sud\" \/>\n<meta property=\"article:modified_time\" content=\"2022-11-08T13:19:03+00:00\" \/>\n<meta name=\"twitter:card\" content=\"summary_large_image\" \/>\n<meta name=\"twitter:label1\" content=\"Tiempo de lectura\" \/>\n\t<meta name=\"twitter:data1\" content=\"1 minuto\" \/>\n<script type=\"application\/ld+json\" class=\"yoast-schema-graph\">{\"@context\":\"https:\/\/schema.org\",\"@graph\":[{\"@type\":\"WebPage\",\"@id\":\"https:\/\/www.hotelcourriersud.fr\/es\/descubrir-toulouse\/cite-de-lespace\/\",\"url\":\"https:\/\/www.hotelcourriersud.fr\/es\/descubrir-toulouse\/cite-de-lespace\/\",\"name\":\"Cit\u00e9 de l'espace - Hotel Courrier Sud\",\"isPartOf\":{\"@id\":\"https:\/\/www.hotelcourriersud.fr\/es\/#website\"},\"datePublished\":\"2022-10-18T09:24:30+00:00\",\"dateModified\":\"2022-11-08T13:19:03+00:00\",\"description\":\"La Cit\u00e9 de l'espace es un centro de cultura cient\u00edfica orientado al espacio y a su conquista, dedicado tanto a la astronom\u00eda como a la astron\u00e1utica.\",\"breadcrumb\":{\"@id\":\"https:\/\/www.hotelcourriersud.fr\/es\/descubrir-toulouse\/cite-de-lespace\/#breadcrumb\"},\"inLanguage\":\"es\",\"potentialAction\":[{\"@type\":\"ReadAction\",\"target\":[\"https:\/\/www.hotelcourriersud.fr\/es\/descubrir-toulouse\/cite-de-lespace\/\"]}]},{\"@type\":\"BreadcrumbList\",\"@id\":\"https:\/\/www.hotelcourriersud.fr\/es\/descubrir-toulouse\/cite-de-lespace\/#breadcrumb\",\"itemListElement\":[{\"@type\":\"ListItem\",\"position\":1,\"name\":\"Home\",\"item\":\"https:\/\/www.hotelcourriersud.fr\/es\/\"},{\"@type\":\"ListItem\",\"position\":2,\"name\":\"Descubrir Toulouse\",\"item\":\"https:\/\/www.hotelcourriersud.fr\/es\/descubrir-toulouse\/\"},{\"@type\":\"ListItem\",\"position\":3,\"name\":\"Cit\u00e9 de l&#8217;espace\"}]},{\"@type\":\"WebSite\",\"@id\":\"https:\/\/www.hotelcourriersud.fr\/es\/#website\",\"url\":\"https:\/\/www.hotelcourriersud.fr\/es\/\",\"name\":\"Hotel Courrier Sud\",\"description\":\"\",\"potentialAction\":[{\"@type\":\"SearchAction\",\"target\":{\"@type\":\"EntryPoint\",\"urlTemplate\":\"https:\/\/www.hotelcourriersud.fr\/es\/?s={search_term_string}\"},\"query-input\":{\"@type\":\"PropertyValueSpecification\",\"valueRequired\":true,\"valueName\":\"search_term_string\"}}],\"inLanguage\":\"es\"}]}<\/script>\n<!-- \/ Yoast SEO plugin. -->","yoast_head_json":{"title":"Cit\u00e9 de l'espace - Hotel Courrier Sud","description":"La Cit\u00e9 de l'espace es un centro de cultura cient\u00edfica orientado al espacio y a su conquista, dedicado tanto a la astronom\u00eda como a la astron\u00e1utica.","robots":{"index":"index","follow":"follow","max-snippet":"max-snippet:-1","max-image-preview":"max-image-preview:large","max-video-preview":"max-video-preview:-1"},"canonical":"https:\/\/www.hotelcourriersud.fr\/es\/descubrir-toulouse\/cite-de-lespace\/","og_locale":"es_ES","og_type":"article","og_title":"Cit\u00e9 de l'espace - Hotel Courrier Sud","og_description":"La Cit\u00e9 de l'espace es un centro de cultura cient\u00edfica orientado al espacio y a su conquista, dedicado tanto a la astronom\u00eda como a la astron\u00e1utica.","og_url":"https:\/\/www.hotelcourriersud.fr\/es\/descubrir-toulouse\/cite-de-lespace\/","og_site_name":"Hotel Courrier Sud","article_modified_time":"2022-11-08T13:19:03+00:00","twitter_card":"summary_large_image","twitter_misc":{"Tiempo de lectura":"1 minuto"},"schema":{"@context":"https:\/\/schema.org","@graph":[{"@type":"WebPage","@id":"https:\/\/www.hotelcourriersud.fr\/es\/descubrir-toulouse\/cite-de-lespace\/","url":"https:\/\/www.hotelcourriersud.fr\/es\/descubrir-toulouse\/cite-de-lespace\/","name":"Cit\u00e9 de l'espace - Hotel Courrier Sud","isPartOf":{"@id":"https:\/\/www.hotelcourriersud.fr\/es\/#website"},"datePublished":"2022-10-18T09:24:30+00:00","dateModified":"2022-11-08T13:19:03+00:00","description":"La Cit\u00e9 de l'espace es un centro de cultura cient\u00edfica orientado al espacio y a su conquista, dedicado tanto a la astronom\u00eda como a la astron\u00e1utica.","breadcrumb":{"@id":"https:\/\/www.hotelcourriersud.fr\/es\/descubrir-toulouse\/cite-de-lespace\/#breadcrumb"},"inLanguage":"es","potentialAction":[{"@type":"ReadAction","target":["https:\/\/www.hotelcourriersud.fr\/es\/descubrir-toulouse\/cite-de-lespace\/"]}]},{"@type":"BreadcrumbList","@id":"https:\/\/www.hotelcourriersud.fr\/es\/descubrir-toulouse\/cite-de-lespace\/#breadcrumb","itemListElement":[{"@type":"ListItem","position":1,"name":"Home","item":"https:\/\/www.hotelcourriersud.fr\/es\/"},{"@type":"ListItem","position":2,"name":"Descubrir Toulouse","item":"https:\/\/www.hotelcourriersud.fr\/es\/descubrir-toulouse\/"},{"@type":"ListItem","position":3,"name":"Cit\u00e9 de l&#8217;espace"}]},{"@type":"WebSite","@id":"https:\/\/www.hotelcourriersud.fr\/es\/#website","url":"https:\/\/www.hotelcourriersud.fr\/es\/","name":"Hotel Courrier Sud","description":"","potentialAction":[{"@type":"SearchAction","target":{"@type":"EntryPoint","urlTemplate":"https:\/\/www.hotelcourriersud.fr\/es\/?s={search_term_string}"},"query-input":{"@type":"PropertyValueSpecification","valueRequired":true,"valueName":"search_term_string"}}],"inLanguage":"es"}]}},"acf":[],"_links":{"self":[{"href":"https:\/\/www.hotelcourriersud.fr\/es\/wp-json\/wp\/v2\/pages\/226","targetHints":{"allow":["GET"]}}],"collection":[{"href":"https:\/\/www.hotelcourriersud.fr\/es\/wp-json\/wp\/v2\/pages"}],"about":[{"href":"https:\/\/www.hotelcourriersud.fr\/es\/wp-json\/wp\/v2\/types\/page"}],"author":[{"embeddable":true,"href":"https:\/\/www.hotelcourriersud.fr\/es\/wp-json\/wp\/v2\/users\/46"}],"replies":[{"embeddable":true,"href":"https:\/\/www.hotelcourriersud.fr\/es\/wp-json\/wp\/v2\/comments?post=226"}],"version-history":[{"count":0,"href":"https:\/\/www.hotelcourriersud.fr\/es\/wp-json\/wp\/v2\/pages\/226\/revisions"}],"up":[{"embeddable":true,"href":"https:\/\/www.hotelcourriersud.fr\/es\/wp-json\/wp\/v2\/pages\/225"}],"wp:attachment":[{"href":"https:\/\/www.hotelcourriersud.fr\/es\/wp-json\/wp\/v2\/media?parent=226"}],"curies":[{"name":"wp","href":"https:\/\/api.w.org\/{rel}","templated":true}]}}