{"id":225,"date":"2022-10-17T14:32:33","date_gmt":"2022-10-17T14:32:33","guid":{"rendered":"https:\/\/www.hotelcourriersud.fr\/decouvrir-toulouse\/"},"modified":"2022-11-09T09:04:33","modified_gmt":"2022-11-09T09:04:33","slug":"descubrir-toulouse","status":"publish","type":"page","link":"https:\/\/www.hotelcourriersud.fr\/es\/descubrir-toulouse\/","title":{"rendered":"Descubrir Toulouse"},"content":{"rendered":"<p style=\"text-align: center;\">Nuestro hotel est\u00e1 situado a 5 minutos de la Cit\u00e9 de l&#8217;Espace para una inmersi\u00f3n en el universo espacial. Una parada en Toulouse, capital de la aeron\u00e1utica, para descubrir el museo Aeroscopia, situado a las puertas de la zona de montaje de AIRBUS. Para un momento de relax, suba a bordo de una barcaza para dar un paseo por el Canal du Midi.<\/p>\n<p style=\"text-align: center;\"><a href=\"https:\/\/www.hotel-laperouse.fr\/\"><img loading=\"lazy\" decoding=\"async\" class=\"wp-image-147 aligncenter\" style=\"margin: auto; max-width: 100%;\" src=\"https:\/\/courrier.ms.decms.eu\/wp-content\/uploads\/sites\/483\/2022\/10\/Banniere-site-internet.jpg\" alt=\"h\u00f4tel 4 \u00e9toiles Nantes\" width=\"900\" height=\"190\" \/><\/a><\/p>\n","protected":false},"excerpt":{"rendered":"<p>Nuestro hotel est\u00e1 situado a 5 minutos de la Cit\u00e9 de l&#8217;Espace para una inmersi\u00f3n en el universo espacial. Una parada en Toulouse, capital de la aeron\u00e1utica, para descubrir el museo Aeroscopia, situado a las puertas de la zona de montaje de AIRBUS. Para un momento de relax, suba a bordo de una barcaza para [&hellip;]<\/p>\n","protected":false},"author":46,"featured_media":0,"parent":0,"menu_order":60,"comment_status":"closed","ping_status":"closed","template":"","meta":{"footnotes":""},"class_list":["post-225","page","type-page","status-publish","hentry"],"yoast_head":"<!-- This site is optimized with the Yoast SEO plugin v26.9 - https:\/\/yoast.com\/product\/yoast-seo-wordpress\/ -->\n<title>Descubrir Toulouse - Hotel Courrier Sud<\/title>\n<meta name=\"description\" content=\"Nuestro hotel est\u00e1 situado a 5 minutos de la Cit\u00e9 de l&#039;Espace para una inmersi\u00f3n en el universo espacial. Una parada en Toulouse, capital de la\" \/>\n<meta name=\"robots\" content=\"index, follow, max-snippet:-1, max-image-preview:large, max-video-preview:-1\" \/>\n<link rel=\"canonical\" href=\"https:\/\/www.hotelcourriersud.fr\/es\/descubrir-toulouse\/\" \/>\n<meta property=\"og:locale\" content=\"es_ES\" \/>\n<meta property=\"og:type\" content=\"article\" \/>\n<meta property=\"og:title\" content=\"Descubrir Toulouse - Hotel Courrier Sud\" \/>\n<meta property=\"og:description\" content=\"Nuestro hotel est\u00e1 situado a 5 minutos de la Cit\u00e9 de l&#039;Espace para una inmersi\u00f3n en el universo espacial. Una parada en Toulouse, capital de la\" \/>\n<meta property=\"og:url\" content=\"https:\/\/www.hotelcourriersud.fr\/es\/descubrir-toulouse\/\" \/>\n<meta property=\"og:site_name\" content=\"Hotel Courrier Sud\" \/>\n<meta property=\"article:modified_time\" content=\"2022-11-09T09:04:33+00:00\" \/>\n<meta property=\"og:image\" content=\"https:\/\/courrier.ms.decms.eu\/wp-content\/uploads\/sites\/483\/2022\/10\/Banniere-site-internet.jpg\" \/>\n<meta name=\"twitter:card\" content=\"summary_large_image\" \/>\n<meta name=\"twitter:label1\" content=\"Tiempo de lectura\" \/>\n\t<meta name=\"twitter:data1\" content=\"1 minuto\" \/>\n<script type=\"application\/ld+json\" class=\"yoast-schema-graph\">{\"@context\":\"https:\/\/schema.org\",\"@graph\":[{\"@type\":\"WebPage\",\"@id\":\"https:\/\/www.hotelcourriersud.fr\/es\/descubrir-toulouse\/\",\"url\":\"https:\/\/www.hotelcourriersud.fr\/es\/descubrir-toulouse\/\",\"name\":\"Descubrir Toulouse - Hotel Courrier Sud\",\"isPartOf\":{\"@id\":\"https:\/\/www.hotelcourriersud.fr\/es\/#website\"},\"primaryImageOfPage\":{\"@id\":\"https:\/\/www.hotelcourriersud.fr\/es\/descubrir-toulouse\/#primaryimage\"},\"image\":{\"@id\":\"https:\/\/www.hotelcourriersud.fr\/es\/descubrir-toulouse\/#primaryimage\"},\"thumbnailUrl\":\"https:\/\/courrier.ms.decms.eu\/wp-content\/uploads\/sites\/483\/2022\/10\/Banniere-site-internet.jpg\",\"datePublished\":\"2022-10-17T14:32:33+00:00\",\"dateModified\":\"2022-11-09T09:04:33+00:00\",\"description\":\"Nuestro hotel est\u00e1 situado a 5 minutos de la Cit\u00e9 de l'Espace para una inmersi\u00f3n en el universo espacial. Una parada en Toulouse, capital de la\",\"breadcrumb\":{\"@id\":\"https:\/\/www.hotelcourriersud.fr\/es\/descubrir-toulouse\/#breadcrumb\"},\"inLanguage\":\"es\",\"potentialAction\":[{\"@type\":\"ReadAction\",\"target\":[\"https:\/\/www.hotelcourriersud.fr\/es\/descubrir-toulouse\/\"]}]},{\"@type\":\"ImageObject\",\"inLanguage\":\"es\",\"@id\":\"https:\/\/www.hotelcourriersud.fr\/es\/descubrir-toulouse\/#primaryimage\",\"url\":\"https:\/\/courrier.ms.decms.eu\/wp-content\/uploads\/sites\/483\/2022\/10\/Banniere-site-internet.jpg\",\"contentUrl\":\"https:\/\/courrier.ms.decms.eu\/wp-content\/uploads\/sites\/483\/2022\/10\/Banniere-site-internet.jpg\"},{\"@type\":\"BreadcrumbList\",\"@id\":\"https:\/\/www.hotelcourriersud.fr\/es\/descubrir-toulouse\/#breadcrumb\",\"itemListElement\":[{\"@type\":\"ListItem\",\"position\":1,\"name\":\"Home\",\"item\":\"https:\/\/www.hotelcourriersud.fr\/es\/\"},{\"@type\":\"ListItem\",\"position\":2,\"name\":\"Descubrir Toulouse\"}]},{\"@type\":\"WebSite\",\"@id\":\"https:\/\/www.hotelcourriersud.fr\/es\/#website\",\"url\":\"https:\/\/www.hotelcourriersud.fr\/es\/\",\"name\":\"Hotel Courrier Sud\",\"description\":\"\",\"potentialAction\":[{\"@type\":\"SearchAction\",\"target\":{\"@type\":\"EntryPoint\",\"urlTemplate\":\"https:\/\/www.hotelcourriersud.fr\/es\/?s={search_term_string}\"},\"query-input\":{\"@type\":\"PropertyValueSpecification\",\"valueRequired\":true,\"valueName\":\"search_term_string\"}}],\"inLanguage\":\"es\"}]}<\/script>\n<!-- \/ Yoast SEO plugin. -->","yoast_head_json":{"title":"Descubrir Toulouse - Hotel Courrier Sud","description":"Nuestro hotel est\u00e1 situado a 5 minutos de la Cit\u00e9 de l'Espace para una inmersi\u00f3n en el universo espacial. Una parada en Toulouse, capital de la","robots":{"index":"index","follow":"follow","max-snippet":"max-snippet:-1","max-image-preview":"max-image-preview:large","max-video-preview":"max-video-preview:-1"},"canonical":"https:\/\/www.hotelcourriersud.fr\/es\/descubrir-toulouse\/","og_locale":"es_ES","og_type":"article","og_title":"Descubrir Toulouse - Hotel Courrier Sud","og_description":"Nuestro hotel est\u00e1 situado a 5 minutos de la Cit\u00e9 de l'Espace para una inmersi\u00f3n en el universo espacial. Una parada en Toulouse, capital de la","og_url":"https:\/\/www.hotelcourriersud.fr\/es\/descubrir-toulouse\/","og_site_name":"Hotel Courrier Sud","article_modified_time":"2022-11-09T09:04:33+00:00","og_image":[{"url":"https:\/\/courrier.ms.decms.eu\/wp-content\/uploads\/sites\/483\/2022\/10\/Banniere-site-internet.jpg","type":"","width":"","height":""}],"twitter_card":"summary_large_image","twitter_misc":{"Tiempo de lectura":"1 minuto"},"schema":{"@context":"https:\/\/schema.org","@graph":[{"@type":"WebPage","@id":"https:\/\/www.hotelcourriersud.fr\/es\/descubrir-toulouse\/","url":"https:\/\/www.hotelcourriersud.fr\/es\/descubrir-toulouse\/","name":"Descubrir Toulouse - Hotel Courrier Sud","isPartOf":{"@id":"https:\/\/www.hotelcourriersud.fr\/es\/#website"},"primaryImageOfPage":{"@id":"https:\/\/www.hotelcourriersud.fr\/es\/descubrir-toulouse\/#primaryimage"},"image":{"@id":"https:\/\/www.hotelcourriersud.fr\/es\/descubrir-toulouse\/#primaryimage"},"thumbnailUrl":"https:\/\/courrier.ms.decms.eu\/wp-content\/uploads\/sites\/483\/2022\/10\/Banniere-site-internet.jpg","datePublished":"2022-10-17T14:32:33+00:00","dateModified":"2022-11-09T09:04:33+00:00","description":"Nuestro hotel est\u00e1 situado a 5 minutos de la Cit\u00e9 de l'Espace para una inmersi\u00f3n en el universo espacial. Una parada en Toulouse, capital de la","breadcrumb":{"@id":"https:\/\/www.hotelcourriersud.fr\/es\/descubrir-toulouse\/#breadcrumb"},"inLanguage":"es","potentialAction":[{"@type":"ReadAction","target":["https:\/\/www.hotelcourriersud.fr\/es\/descubrir-toulouse\/"]}]},{"@type":"ImageObject","inLanguage":"es","@id":"https:\/\/www.hotelcourriersud.fr\/es\/descubrir-toulouse\/#primaryimage","url":"https:\/\/courrier.ms.decms.eu\/wp-content\/uploads\/sites\/483\/2022\/10\/Banniere-site-internet.jpg","contentUrl":"https:\/\/courrier.ms.decms.eu\/wp-content\/uploads\/sites\/483\/2022\/10\/Banniere-site-internet.jpg"},{"@type":"BreadcrumbList","@id":"https:\/\/www.hotelcourriersud.fr\/es\/descubrir-toulouse\/#breadcrumb","itemListElement":[{"@type":"ListItem","position":1,"name":"Home","item":"https:\/\/www.hotelcourriersud.fr\/es\/"},{"@type":"ListItem","position":2,"name":"Descubrir Toulouse"}]},{"@type":"WebSite","@id":"https:\/\/www.hotelcourriersud.fr\/es\/#website","url":"https:\/\/www.hotelcourriersud.fr\/es\/","name":"Hotel Courrier Sud","description":"","potentialAction":[{"@type":"SearchAction","target":{"@type":"EntryPoint","urlTemplate":"https:\/\/www.hotelcourriersud.fr\/es\/?s={search_term_string}"},"query-input":{"@type":"PropertyValueSpecification","valueRequired":true,"valueName":"search_term_string"}}],"inLanguage":"es"}]}},"acf":[],"_links":{"self":[{"href":"https:\/\/www.hotelcourriersud.fr\/es\/wp-json\/wp\/v2\/pages\/225","targetHints":{"allow":["GET"]}}],"collection":[{"href":"https:\/\/www.hotelcourriersud.fr\/es\/wp-json\/wp\/v2\/pages"}],"about":[{"href":"https:\/\/www.hotelcourriersud.fr\/es\/wp-json\/wp\/v2\/types\/page"}],"author":[{"embeddable":true,"href":"https:\/\/www.hotelcourriersud.fr\/es\/wp-json\/wp\/v2\/users\/46"}],"replies":[{"embeddable":true,"href":"https:\/\/www.hotelcourriersud.fr\/es\/wp-json\/wp\/v2\/comments?post=225"}],"version-history":[{"count":0,"href":"https:\/\/www.hotelcourriersud.fr\/es\/wp-json\/wp\/v2\/pages\/225\/revisions"}],"wp:attachment":[{"href":"https:\/\/www.hotelcourriersud.fr\/es\/wp-json\/wp\/v2\/media?parent=225"}],"curies":[{"name":"wp","href":"https:\/\/api.w.org\/{rel}","templated":true}]}}