{"id":222,"date":"2022-10-17T14:29:17","date_gmt":"2022-10-17T14:29:17","guid":{"rendered":"https:\/\/www.hotelcourriersud.fr\/services\/"},"modified":"2022-11-08T13:07:25","modified_gmt":"2022-11-08T13:07:25","slug":"servicios","status":"publish","type":"page","link":"https:\/\/www.hotelcourriersud.fr\/es\/servicios\/","title":{"rendered":"Servicios"},"content":{"rendered":"<p style=\"text-align: center;\">Nuestro hotel est\u00e1 situado frente a la cl\u00ednica Croix du Sud, en el centro de la zona de negocios de Ribaute, a 10 minutos del centro de Toulouse. La decoraci\u00f3n, en un ambiente zen, es agradable y relajante. Puede relajarse en nuestros salones o sentarse en la terraza. Su coche ya no es un problema, ahorre tiempo y aparque en nuestro aparcamiento elevado, o en el s\u00f3tano bajo reserva. Nuestro equipo de profesionales est\u00e1 a su disposici\u00f3n para hacer su estancia agradable.<\/p>\n","protected":false},"excerpt":{"rendered":"<p>Nuestro hotel est\u00e1 situado frente a la cl\u00ednica Croix du Sud, en el centro de la zona de negocios de Ribaute, a 10 minutos del centro de Toulouse. La decoraci\u00f3n, en un ambiente zen, es agradable y relajante. Puede relajarse en nuestros salones o sentarse en la terraza. Su coche ya no es un problema, [&hellip;]<\/p>\n","protected":false},"author":46,"featured_media":0,"parent":0,"menu_order":30,"comment_status":"closed","ping_status":"closed","template":"template-services.php","meta":{"footnotes":""},"class_list":["post-222","page","type-page","status-publish","hentry"],"yoast_head":"<!-- This site is optimized with the Yoast SEO plugin v26.9 - https:\/\/yoast.com\/product\/yoast-seo-wordpress\/ -->\n<title>Servicios - Hotel Courrier Sud<\/title>\n<meta name=\"description\" content=\"Nuestro hotel est\u00e1 situado frente a la cl\u00ednica Croix du Sud, en el centro de la zona de negocios de Ribaute, a 10 minutos del centro de Toulouse. La\" \/>\n<meta name=\"robots\" content=\"index, follow, max-snippet:-1, max-image-preview:large, max-video-preview:-1\" \/>\n<link rel=\"canonical\" href=\"https:\/\/www.hotelcourriersud.fr\/es\/servicios\/\" \/>\n<meta property=\"og:locale\" content=\"es_ES\" \/>\n<meta property=\"og:type\" content=\"article\" \/>\n<meta property=\"og:title\" content=\"Servicios - Hotel Courrier Sud\" \/>\n<meta property=\"og:description\" content=\"Nuestro hotel est\u00e1 situado frente a la cl\u00ednica Croix du Sud, en el centro de la zona de negocios de Ribaute, a 10 minutos del centro de Toulouse. La\" \/>\n<meta property=\"og:url\" content=\"https:\/\/www.hotelcourriersud.fr\/es\/servicios\/\" \/>\n<meta property=\"og:site_name\" content=\"Hotel Courrier Sud\" \/>\n<meta property=\"article:modified_time\" content=\"2022-11-08T13:07:25+00:00\" \/>\n<meta name=\"twitter:card\" content=\"summary_large_image\" \/>\n<meta name=\"twitter:label1\" content=\"Tiempo de lectura\" \/>\n\t<meta name=\"twitter:data1\" content=\"1 minuto\" \/>\n<script type=\"application\/ld+json\" class=\"yoast-schema-graph\">{\"@context\":\"https:\/\/schema.org\",\"@graph\":[{\"@type\":\"WebPage\",\"@id\":\"https:\/\/www.hotelcourriersud.fr\/es\/servicios\/\",\"url\":\"https:\/\/www.hotelcourriersud.fr\/es\/servicios\/\",\"name\":\"Servicios - Hotel Courrier Sud\",\"isPartOf\":{\"@id\":\"https:\/\/www.hotelcourriersud.fr\/es\/#website\"},\"datePublished\":\"2022-10-17T14:29:17+00:00\",\"dateModified\":\"2022-11-08T13:07:25+00:00\",\"description\":\"Nuestro hotel est\u00e1 situado frente a la cl\u00ednica Croix du Sud, en el centro de la zona de negocios de Ribaute, a 10 minutos del centro de Toulouse. La\",\"breadcrumb\":{\"@id\":\"https:\/\/www.hotelcourriersud.fr\/es\/servicios\/#breadcrumb\"},\"inLanguage\":\"es\",\"potentialAction\":[{\"@type\":\"ReadAction\",\"target\":[\"https:\/\/www.hotelcourriersud.fr\/es\/servicios\/\"]}]},{\"@type\":\"BreadcrumbList\",\"@id\":\"https:\/\/www.hotelcourriersud.fr\/es\/servicios\/#breadcrumb\",\"itemListElement\":[{\"@type\":\"ListItem\",\"position\":1,\"name\":\"Home\",\"item\":\"https:\/\/www.hotelcourriersud.fr\/es\/\"},{\"@type\":\"ListItem\",\"position\":2,\"name\":\"Servicios\"}]},{\"@type\":\"WebSite\",\"@id\":\"https:\/\/www.hotelcourriersud.fr\/es\/#website\",\"url\":\"https:\/\/www.hotelcourriersud.fr\/es\/\",\"name\":\"Hotel Courrier Sud\",\"description\":\"\",\"potentialAction\":[{\"@type\":\"SearchAction\",\"target\":{\"@type\":\"EntryPoint\",\"urlTemplate\":\"https:\/\/www.hotelcourriersud.fr\/es\/?s={search_term_string}\"},\"query-input\":{\"@type\":\"PropertyValueSpecification\",\"valueRequired\":true,\"valueName\":\"search_term_string\"}}],\"inLanguage\":\"es\"}]}<\/script>\n<!-- \/ Yoast SEO plugin. -->","yoast_head_json":{"title":"Servicios - Hotel Courrier Sud","description":"Nuestro hotel est\u00e1 situado frente a la cl\u00ednica Croix du Sud, en el centro de la zona de negocios de Ribaute, a 10 minutos del centro de Toulouse. La","robots":{"index":"index","follow":"follow","max-snippet":"max-snippet:-1","max-image-preview":"max-image-preview:large","max-video-preview":"max-video-preview:-1"},"canonical":"https:\/\/www.hotelcourriersud.fr\/es\/servicios\/","og_locale":"es_ES","og_type":"article","og_title":"Servicios - Hotel Courrier Sud","og_description":"Nuestro hotel est\u00e1 situado frente a la cl\u00ednica Croix du Sud, en el centro de la zona de negocios de Ribaute, a 10 minutos del centro de Toulouse. La","og_url":"https:\/\/www.hotelcourriersud.fr\/es\/servicios\/","og_site_name":"Hotel Courrier Sud","article_modified_time":"2022-11-08T13:07:25+00:00","twitter_card":"summary_large_image","twitter_misc":{"Tiempo de lectura":"1 minuto"},"schema":{"@context":"https:\/\/schema.org","@graph":[{"@type":"WebPage","@id":"https:\/\/www.hotelcourriersud.fr\/es\/servicios\/","url":"https:\/\/www.hotelcourriersud.fr\/es\/servicios\/","name":"Servicios - Hotel Courrier Sud","isPartOf":{"@id":"https:\/\/www.hotelcourriersud.fr\/es\/#website"},"datePublished":"2022-10-17T14:29:17+00:00","dateModified":"2022-11-08T13:07:25+00:00","description":"Nuestro hotel est\u00e1 situado frente a la cl\u00ednica Croix du Sud, en el centro de la zona de negocios de Ribaute, a 10 minutos del centro de Toulouse. La","breadcrumb":{"@id":"https:\/\/www.hotelcourriersud.fr\/es\/servicios\/#breadcrumb"},"inLanguage":"es","potentialAction":[{"@type":"ReadAction","target":["https:\/\/www.hotelcourriersud.fr\/es\/servicios\/"]}]},{"@type":"BreadcrumbList","@id":"https:\/\/www.hotelcourriersud.fr\/es\/servicios\/#breadcrumb","itemListElement":[{"@type":"ListItem","position":1,"name":"Home","item":"https:\/\/www.hotelcourriersud.fr\/es\/"},{"@type":"ListItem","position":2,"name":"Servicios"}]},{"@type":"WebSite","@id":"https:\/\/www.hotelcourriersud.fr\/es\/#website","url":"https:\/\/www.hotelcourriersud.fr\/es\/","name":"Hotel Courrier Sud","description":"","potentialAction":[{"@type":"SearchAction","target":{"@type":"EntryPoint","urlTemplate":"https:\/\/www.hotelcourriersud.fr\/es\/?s={search_term_string}"},"query-input":{"@type":"PropertyValueSpecification","valueRequired":true,"valueName":"search_term_string"}}],"inLanguage":"es"}]}},"acf":[],"_links":{"self":[{"href":"https:\/\/www.hotelcourriersud.fr\/es\/wp-json\/wp\/v2\/pages\/222","targetHints":{"allow":["GET"]}}],"collection":[{"href":"https:\/\/www.hotelcourriersud.fr\/es\/wp-json\/wp\/v2\/pages"}],"about":[{"href":"https:\/\/www.hotelcourriersud.fr\/es\/wp-json\/wp\/v2\/types\/page"}],"author":[{"embeddable":true,"href":"https:\/\/www.hotelcourriersud.fr\/es\/wp-json\/wp\/v2\/users\/46"}],"replies":[{"embeddable":true,"href":"https:\/\/www.hotelcourriersud.fr\/es\/wp-json\/wp\/v2\/comments?post=222"}],"version-history":[{"count":0,"href":"https:\/\/www.hotelcourriersud.fr\/es\/wp-json\/wp\/v2\/pages\/222\/revisions"}],"wp:attachment":[{"href":"https:\/\/www.hotelcourriersud.fr\/es\/wp-json\/wp\/v2\/media?parent=222"}],"curies":[{"name":"wp","href":"https:\/\/api.w.org\/{rel}","templated":true}]}}