{"id":217,"date":"2022-10-17T14:25:08","date_gmt":"2022-10-17T14:25:08","guid":{"rendered":"https:\/\/www.hotelcourriersud.fr\/nos-chambres\/chambre-double-confort\/"},"modified":"2022-11-08T12:49:59","modified_gmt":"2022-11-08T12:49:59","slug":"habitacion-doble-confort","status":"publish","type":"page","link":"https:\/\/www.hotelcourriersud.fr\/es\/nuestras-habitaciones\/habitacion-doble-confort\/","title":{"rendered":"Habitaci\u00f3n Doble Confort"},"content":{"rendered":"<p style=\"text-align: left;\">Todas nuestras habitaciones han sido dise\u00f1adas y amuebladas para su comodidad.<br \/>\nDecoraci\u00f3n contempor\u00e1nea en colores pastel.<\/p>\n","protected":false},"excerpt":{"rendered":"<p>Todas nuestras habitaciones han sido dise\u00f1adas y amuebladas para su comodidad. Decoraci\u00f3n contempor\u00e1nea en colores pastel.<\/p>\n","protected":false},"author":46,"featured_media":0,"parent":216,"menu_order":210,"comment_status":"closed","ping_status":"closed","template":"template-single-room.php","meta":{"footnotes":""},"class_list":["post-217","page","type-page","status-publish","hentry"],"yoast_head":"<!-- This site is optimized with the Yoast SEO plugin v26.9 - https:\/\/yoast.com\/product\/yoast-seo-wordpress\/ -->\n<title>Habitaci\u00f3n Doble Confort - Hotel Courrier Sud<\/title>\n<meta name=\"description\" content=\"Todas nuestras habitaciones han sido dise\u00f1adas y amuebladas para su comodidad. Decoraci\u00f3n contempor\u00e1nea en colores pastel.\" \/>\n<meta name=\"robots\" content=\"index, follow, max-snippet:-1, max-image-preview:large, max-video-preview:-1\" \/>\n<link rel=\"canonical\" href=\"https:\/\/www.hotelcourriersud.fr\/es\/nuestras-habitaciones\/habitacion-doble-confort\/\" \/>\n<meta property=\"og:locale\" content=\"es_ES\" \/>\n<meta property=\"og:type\" content=\"article\" \/>\n<meta property=\"og:title\" content=\"Habitaci\u00f3n Doble Confort - Hotel Courrier Sud\" \/>\n<meta property=\"og:description\" content=\"Todas nuestras habitaciones han sido dise\u00f1adas y amuebladas para su comodidad. Decoraci\u00f3n contempor\u00e1nea en colores pastel.\" \/>\n<meta property=\"og:url\" content=\"https:\/\/www.hotelcourriersud.fr\/es\/nuestras-habitaciones\/habitacion-doble-confort\/\" \/>\n<meta property=\"og:site_name\" content=\"Hotel Courrier Sud\" \/>\n<meta property=\"article:modified_time\" content=\"2022-11-08T12:49:59+00:00\" \/>\n<meta name=\"twitter:card\" content=\"summary_large_image\" \/>\n<meta name=\"twitter:label1\" content=\"Tiempo de lectura\" \/>\n\t<meta name=\"twitter:data1\" content=\"1 minuto\" \/>\n<script type=\"application\/ld+json\" class=\"yoast-schema-graph\">{\"@context\":\"https:\/\/schema.org\",\"@graph\":[{\"@type\":\"WebPage\",\"@id\":\"https:\/\/www.hotelcourriersud.fr\/es\/nuestras-habitaciones\/habitacion-doble-confort\/\",\"url\":\"https:\/\/www.hotelcourriersud.fr\/es\/nuestras-habitaciones\/habitacion-doble-confort\/\",\"name\":\"Habitaci\u00f3n Doble Confort - Hotel Courrier Sud\",\"isPartOf\":{\"@id\":\"https:\/\/www.hotelcourriersud.fr\/es\/#website\"},\"datePublished\":\"2022-10-17T14:25:08+00:00\",\"dateModified\":\"2022-11-08T12:49:59+00:00\",\"description\":\"Todas nuestras habitaciones han sido dise\u00f1adas y amuebladas para su comodidad. Decoraci\u00f3n contempor\u00e1nea en colores pastel.\",\"breadcrumb\":{\"@id\":\"https:\/\/www.hotelcourriersud.fr\/es\/nuestras-habitaciones\/habitacion-doble-confort\/#breadcrumb\"},\"inLanguage\":\"es\",\"potentialAction\":[{\"@type\":\"ReadAction\",\"target\":[\"https:\/\/www.hotelcourriersud.fr\/es\/nuestras-habitaciones\/habitacion-doble-confort\/\"]}]},{\"@type\":\"BreadcrumbList\",\"@id\":\"https:\/\/www.hotelcourriersud.fr\/es\/nuestras-habitaciones\/habitacion-doble-confort\/#breadcrumb\",\"itemListElement\":[{\"@type\":\"ListItem\",\"position\":1,\"name\":\"Home\",\"item\":\"https:\/\/www.hotelcourriersud.fr\/es\/\"},{\"@type\":\"ListItem\",\"position\":2,\"name\":\"Nuestras habitaciones\",\"item\":\"https:\/\/www.hotelcourriersud.fr\/es\/nuestras-habitaciones\/\"},{\"@type\":\"ListItem\",\"position\":3,\"name\":\"Habitaci\u00f3n Doble Confort\"}]},{\"@type\":\"WebSite\",\"@id\":\"https:\/\/www.hotelcourriersud.fr\/es\/#website\",\"url\":\"https:\/\/www.hotelcourriersud.fr\/es\/\",\"name\":\"Hotel Courrier Sud\",\"description\":\"\",\"potentialAction\":[{\"@type\":\"SearchAction\",\"target\":{\"@type\":\"EntryPoint\",\"urlTemplate\":\"https:\/\/www.hotelcourriersud.fr\/es\/?s={search_term_string}\"},\"query-input\":{\"@type\":\"PropertyValueSpecification\",\"valueRequired\":true,\"valueName\":\"search_term_string\"}}],\"inLanguage\":\"es\"}]}<\/script>\n<!-- \/ Yoast SEO plugin. -->","yoast_head_json":{"title":"Habitaci\u00f3n Doble Confort - Hotel Courrier Sud","description":"Todas nuestras habitaciones han sido dise\u00f1adas y amuebladas para su comodidad. Decoraci\u00f3n contempor\u00e1nea en colores pastel.","robots":{"index":"index","follow":"follow","max-snippet":"max-snippet:-1","max-image-preview":"max-image-preview:large","max-video-preview":"max-video-preview:-1"},"canonical":"https:\/\/www.hotelcourriersud.fr\/es\/nuestras-habitaciones\/habitacion-doble-confort\/","og_locale":"es_ES","og_type":"article","og_title":"Habitaci\u00f3n Doble Confort - Hotel Courrier Sud","og_description":"Todas nuestras habitaciones han sido dise\u00f1adas y amuebladas para su comodidad. Decoraci\u00f3n contempor\u00e1nea en colores pastel.","og_url":"https:\/\/www.hotelcourriersud.fr\/es\/nuestras-habitaciones\/habitacion-doble-confort\/","og_site_name":"Hotel Courrier Sud","article_modified_time":"2022-11-08T12:49:59+00:00","twitter_card":"summary_large_image","twitter_misc":{"Tiempo de lectura":"1 minuto"},"schema":{"@context":"https:\/\/schema.org","@graph":[{"@type":"WebPage","@id":"https:\/\/www.hotelcourriersud.fr\/es\/nuestras-habitaciones\/habitacion-doble-confort\/","url":"https:\/\/www.hotelcourriersud.fr\/es\/nuestras-habitaciones\/habitacion-doble-confort\/","name":"Habitaci\u00f3n Doble Confort - Hotel Courrier Sud","isPartOf":{"@id":"https:\/\/www.hotelcourriersud.fr\/es\/#website"},"datePublished":"2022-10-17T14:25:08+00:00","dateModified":"2022-11-08T12:49:59+00:00","description":"Todas nuestras habitaciones han sido dise\u00f1adas y amuebladas para su comodidad. Decoraci\u00f3n contempor\u00e1nea en colores pastel.","breadcrumb":{"@id":"https:\/\/www.hotelcourriersud.fr\/es\/nuestras-habitaciones\/habitacion-doble-confort\/#breadcrumb"},"inLanguage":"es","potentialAction":[{"@type":"ReadAction","target":["https:\/\/www.hotelcourriersud.fr\/es\/nuestras-habitaciones\/habitacion-doble-confort\/"]}]},{"@type":"BreadcrumbList","@id":"https:\/\/www.hotelcourriersud.fr\/es\/nuestras-habitaciones\/habitacion-doble-confort\/#breadcrumb","itemListElement":[{"@type":"ListItem","position":1,"name":"Home","item":"https:\/\/www.hotelcourriersud.fr\/es\/"},{"@type":"ListItem","position":2,"name":"Nuestras habitaciones","item":"https:\/\/www.hotelcourriersud.fr\/es\/nuestras-habitaciones\/"},{"@type":"ListItem","position":3,"name":"Habitaci\u00f3n Doble Confort"}]},{"@type":"WebSite","@id":"https:\/\/www.hotelcourriersud.fr\/es\/#website","url":"https:\/\/www.hotelcourriersud.fr\/es\/","name":"Hotel Courrier Sud","description":"","potentialAction":[{"@type":"SearchAction","target":{"@type":"EntryPoint","urlTemplate":"https:\/\/www.hotelcourriersud.fr\/es\/?s={search_term_string}"},"query-input":{"@type":"PropertyValueSpecification","valueRequired":true,"valueName":"search_term_string"}}],"inLanguage":"es"}]}},"acf":[],"_links":{"self":[{"href":"https:\/\/www.hotelcourriersud.fr\/es\/wp-json\/wp\/v2\/pages\/217","targetHints":{"allow":["GET"]}}],"collection":[{"href":"https:\/\/www.hotelcourriersud.fr\/es\/wp-json\/wp\/v2\/pages"}],"about":[{"href":"https:\/\/www.hotelcourriersud.fr\/es\/wp-json\/wp\/v2\/types\/page"}],"author":[{"embeddable":true,"href":"https:\/\/www.hotelcourriersud.fr\/es\/wp-json\/wp\/v2\/users\/46"}],"replies":[{"embeddable":true,"href":"https:\/\/www.hotelcourriersud.fr\/es\/wp-json\/wp\/v2\/comments?post=217"}],"version-history":[{"count":0,"href":"https:\/\/www.hotelcourriersud.fr\/es\/wp-json\/wp\/v2\/pages\/217\/revisions"}],"up":[{"embeddable":true,"href":"https:\/\/www.hotelcourriersud.fr\/es\/wp-json\/wp\/v2\/pages\/216"}],"wp:attachment":[{"href":"https:\/\/www.hotelcourriersud.fr\/es\/wp-json\/wp\/v2\/media?parent=217"}],"curies":[{"name":"wp","href":"https:\/\/api.w.org\/{rel}","templated":true}]}}